{"id":596,"date":"2021-01-09T16:44:40","date_gmt":"2021-01-09T16:44:40","guid":{"rendered":"http:\/\/www.saintpaulschurch.org.uk\/?page_id=596"},"modified":"2021-01-19T18:37:37","modified_gmt":"2021-01-19T18:37:37","slug":"willkommen","status":"publish","type":"page","link":"http:\/\/www.saintpaulschurch.org.uk\/?page_id=596","title":{"rendered":"Willkommen"},"content":{"rendered":"\n<p style=\"font-size:28px\"><span class=\"has-inline-color has-black-color\">Willkommen in der Pfarrkirche Sankt Paul, Brighton<\/span><\/p>\n\n\n\n<div class=\"wp-block-columns are-vertically-aligned-center is-layout-flex wp-container-core-columns-is-layout-28f84493 wp-block-columns-is-layout-flex\">\n<div class=\"wp-block-column is-vertically-aligned-center is-layout-flow wp-block-column-is-layout-flow\" style=\"flex-basis:25%\">\n<div class=\"wp-block-image\"><figure class=\"aligncenter size-large is-resized\"><img loading=\"lazy\" decoding=\"async\" src=\"http:\/\/www.saintpaulschurch.org.uk\/wp-content\/uploads\/2021\/01\/SPauls-icon-02a.png\" alt=\"S Paul's icon\" class=\"wp-image-579\" width=\"66\" height=\"124\"\/><\/figure><\/div>\n<\/div>\n\n\n\n<div class=\"wp-block-column is-vertically-aligned-center is-layout-flow wp-block-column-is-layout-flow\" style=\"flex-basis:93.8%\">\n<p class=\"has-drop-cap\"><font color=\"red\">A<\/font>m 18. Oktober 1848 wurde St. Paul in der West Street, Brighton, f\u00fcr Gottesdienste ge\u00f6ffnet, und genau ein Jahr sp\u00e4ter, 1849, offiziell geweiht. Der Kirchenbau wurde von dem Geistlichen Henry Michell Wagner gestiftet, der damals Pfarrer von St. Peter, Brighton, war. Sein Sohn, Arthur Douglas Wagner, war der erste Pfarrer hier, und er war im Amt von 1850 bis zu seinem Tod im Jahr 1902.<\/p>\n<\/div>\n\n\n\n<div class=\"wp-block-column is-vertically-aligned-center is-layout-flow wp-block-column-is-layout-flow\" style=\"flex-basis:25%\">\n<div class=\"wp-block-image\"><figure class=\"aligncenter size-large is-resized\"><img loading=\"lazy\" decoding=\"async\" src=\"http:\/\/www.saintpaulschurch.org.uk\/wp-content\/uploads\/2020\/12\/W03-Flag-Germany.gif\" alt=\"German flag\" class=\"wp-image-250\" width=\"94\" height=\"65\"\/><figcaption>Willkommen<\/figcaption><\/figure><\/div>\n<\/div>\n<\/div>\n\n\n\n<p>Der Architekt war Richard Cromwell Carpenter (1812 \u2013 1855). Er w\u00e4hlte f\u00fcr den Bau den dekorativen neugotischen Stil und schuf eines der ersten Geb\u00e4ude im Stil der Gotik des 19. Jahrhunderts. Mit ihm arbeitete der bedeutendste K\u00fcnstler der Nuegotik, Augustus Welby Pugin (1812 \u2013 1852). Sein Hauptbeitrag bestand in den gro\u00dfen Ost- und Westfenster sind besonders eindrucksvoll, und sie wurden k\u00fcrzlich vollkommen restauriert und erstrahlen nun in ihrer urspr\u00fcnglichen Sch\u00f6nheit.<\/p>\n\n\n\n<p>Das hervorstechendste \u00e4u\u00dfere architectonische Merkmal ist der massive Turm mit dem origiallen h\u00f6lzernen Oktagon (Achteck) als Turmspitze. Mit gro\u00dfz\u00fcgiger finanzieller Hilfe von&nbsp;&#8220;English Heritage&#8221; wurde im Jahr 1996 ein Sanierungsprogramm des Oktagons durchf\u00fchrt. \u00dcber die Jahre hatten Stme und salzhaltige Luft das Holz, Wasserspeier und andere decorative Elements angegriffen, so da\u00df sie dringend repariert werden mu\u00dften. Turm und Oktagon waren Anbauten an das urspr\u00fcngliche Geb\u00e4ude und wurden 1873 ausgef\u00fchrt nach Pl\u00e4nen des Sohns des Architekten, R.H. Carpenter.<\/p>\n\n\n\n<p>Die Kirche hat nun f\u00fcr \u00fcber 150 Jahre ihren Dienst als Gotteshaus getan, mit Gottesdiensten an jedem Tag der Woche, nicht nur sonntags. An Wochentagen ist um 11:30 Uhr eine kurze Messe, und sonntags ist Mess um 11:00 Uhr und ein Abendgottesdienst um 18:30 Uhr. Oft kommen Besucher aus aller Welt und nehmen teil am Gottesdienst zusammen mit der Pfarrgemeinde, und wir freuen uns, diese G\u00e4ste zu begr\u00fc\u00dfen. Zus\u00e4tzlich bem\u00fchen wir uns, die Kirche t\u00e4glich von 10:30 Uhr bis Mittag offenzuhalten, damit die Besucher den sch\u00f6nen Fieden und Sch\u00f6nheit zu erfahren und deren Best\u00e4ndigkeit manifestiert zu sehen.<\/p>\n\n\n\n<p>1998-1999 feierten wir das hundertf\u00fcnfzigj\u00e4hrige Bestehen von St Paul\u2019s mit besonderen Gottesdiesten und Feiern. Nun, in diesem neuen Jahrhundert, beten wir darum, da&amp;s unsere Kirche ihren Zweck erf\u00fcllt, so getreu wie in den vergangenen Jahren.<\/p>\n\n\n\n<p>Wir, die Pfarrer und die Gemeinde von St Paul\u2019s, hei\u00dfen Sie in Namen Gottes herzlich willkommen.<\/p>\n\n\n\n<p class=\"has-text-align-center has-vivid-cyan-blue-color has-text-color\"> <a href=\"http:\/\/www.saintpaulschurch.org.uk\/?page_id=244\">\u25c4 return to Visitors<\/a> <br><a href=\"#TOP\">\u25c4 return to top<\/a><\/p>\n\n\n\n<hr class=\"wp-block-separator has-text-color has-background has-vivid-cyan-blue-background-color has-vivid-cyan-blue-color is-style-wide\"\/>\n\n\n\n<hr class=\"wp-block-separator has-text-color has-background has-vivid-cyan-blue-background-color has-vivid-cyan-blue-color is-style-wide\"\/>\n","protected":false},"excerpt":{"rendered":"<p>Willkommen in der Pfarrkirche Sankt Paul, Brighton Am 18. Oktober 1848 wurde St. Paul in der West Street, Brighton, f\u00fcr Gottesdienste ge\u00f6ffnet, und genau ein Jahr sp\u00e4ter, 1849, offiziell geweiht. Der Kirchenbau wurde von dem Geistlichen Henry Michell Wagner gestiftet, der damals Pfarrer von St. Peter, Brighton, war. Sein Sohn, Arthur Douglas Wagner, war der [&hellip;]<\/p>\n","protected":false},"author":1,"featured_media":0,"parent":244,"menu_order":0,"comment_status":"closed","ping_status":"closed","template":"","meta":{"site-sidebar-layout":"default","site-content-layout":"default","ast-site-content-layout":"","site-content-style":"default","site-sidebar-style":"default","ast-global-header-display":"","ast-banner-title-visibility":"","ast-main-header-display":"","ast-hfb-above-header-display":"","ast-hfb-below-header-display":"","ast-hfb-mobile-header-display":"","site-post-title":"disabled","ast-breadcrumbs-content":"","ast-featured-img":"","footer-sml-layout":"","theme-transparent-header-meta":"default","adv-header-id-meta":"","stick-header-meta":"","header-above-stick-meta":"","header-main-stick-meta":"","header-below-stick-meta":"","astra-migrate-meta-layouts":"default","ast-page-background-enabled":"default","ast-page-background-meta":{"desktop":{"background-color":"","background-image":"","background-repeat":"repeat","background-position":"center center","background-size":"auto","background-attachment":"scroll","background-type":"","background-media":"","overlay-type":"","overlay-color":"","overlay-opacity":"","overlay-gradient":""},"tablet":{"background-color":"","background-image":"","background-repeat":"repeat","background-position":"center center","background-size":"auto","background-attachment":"scroll","background-type":"","background-media":"","overlay-type":"","overlay-color":"","overlay-opacity":"","overlay-gradient":""},"mobile":{"background-color":"","background-image":"","background-repeat":"repeat","background-position":"center center","background-size":"auto","background-attachment":"scroll","background-type":"","background-media":"","overlay-type":"","overlay-color":"","overlay-opacity":"","overlay-gradient":""}},"ast-content-background-meta":{"desktop":{"background-color":"var(--ast-global-color-5)","background-image":"","background-repeat":"repeat","background-position":"center center","background-size":"auto","background-attachment":"scroll","background-type":"","background-media":"","overlay-type":"","overlay-color":"","overlay-opacity":"","overlay-gradient":""},"tablet":{"background-color":"var(--ast-global-color-5)","background-image":"","background-repeat":"repeat","background-position":"center center","background-size":"auto","background-attachment":"scroll","background-type":"","background-media":"","overlay-type":"","overlay-color":"","overlay-opacity":"","overlay-gradient":""},"mobile":{"background-color":"var(--ast-global-color-5)","background-image":"","background-repeat":"repeat","background-position":"center center","background-size":"auto","background-attachment":"scroll","background-type":"","background-media":"","overlay-type":"","overlay-color":"","overlay-opacity":"","overlay-gradient":""}},"footnotes":""},"class_list":["post-596","page","type-page","status-publish","hentry"],"_links":{"self":[{"href":"http:\/\/www.saintpaulschurch.org.uk\/index.php?rest_route=\/wp\/v2\/pages\/596","targetHints":{"allow":["GET"]}}],"collection":[{"href":"http:\/\/www.saintpaulschurch.org.uk\/index.php?rest_route=\/wp\/v2\/pages"}],"about":[{"href":"http:\/\/www.saintpaulschurch.org.uk\/index.php?rest_route=\/wp\/v2\/types\/page"}],"author":[{"embeddable":true,"href":"http:\/\/www.saintpaulschurch.org.uk\/index.php?rest_route=\/wp\/v2\/users\/1"}],"replies":[{"embeddable":true,"href":"http:\/\/www.saintpaulschurch.org.uk\/index.php?rest_route=%2Fwp%2Fv2%2Fcomments&post=596"}],"version-history":[{"count":3,"href":"http:\/\/www.saintpaulschurch.org.uk\/index.php?rest_route=\/wp\/v2\/pages\/596\/revisions"}],"predecessor-version":[{"id":1145,"href":"http:\/\/www.saintpaulschurch.org.uk\/index.php?rest_route=\/wp\/v2\/pages\/596\/revisions\/1145"}],"up":[{"embeddable":true,"href":"http:\/\/www.saintpaulschurch.org.uk\/index.php?rest_route=\/wp\/v2\/pages\/244"}],"wp:attachment":[{"href":"http:\/\/www.saintpaulschurch.org.uk\/index.php?rest_route=%2Fwp%2Fv2%2Fmedia&parent=596"}],"curies":[{"name":"wp","href":"https:\/\/api.w.org\/{rel}","templated":true}]}}