{"id":602,"date":"2021-01-09T16:59:53","date_gmt":"2021-01-09T16:59:53","guid":{"rendered":"http:\/\/www.saintpaulschurch.org.uk\/?page_id=602"},"modified":"2021-01-19T18:34:13","modified_gmt":"2021-01-19T18:34:13","slug":"bienvenidos","status":"publish","type":"page","link":"https:\/\/www.saintpaulschurch.org.uk\/?page_id=602","title":{"rendered":"Bienvenidos"},"content":{"rendered":"\n<p style=\"font-size:28px\"><span class=\"has-inline-color has-black-color\">Bienvenidos a la Parroquia de San Pablo, Brighton<\/span><\/p>\n\n\n\n<div class=\"wp-block-columns are-vertically-aligned-center is-layout-flex wp-container-core-columns-is-layout-28f84493 wp-block-columns-is-layout-flex\">\n<div class=\"wp-block-column is-vertically-aligned-center is-layout-flow wp-block-column-is-layout-flow\" style=\"flex-basis:25%\">\n<div class=\"wp-block-image\"><figure class=\"aligncenter size-large is-resized\"><img loading=\"lazy\" decoding=\"async\" src=\"http:\/\/www.saintpaulschurch.org.uk\/wp-content\/uploads\/2021\/01\/SPauls-icon-02a.png\" alt=\"S Paul's icon\" class=\"wp-image-579\" width=\"66\" height=\"124\"\/><\/figure><\/div>\n<\/div>\n\n\n\n<div class=\"wp-block-column is-vertically-aligned-center is-layout-flow wp-block-column-is-layout-flow\" style=\"flex-basis:93.8%\">\n<p class=\"has-drop-cap\"><font color=\"red\">L<\/font>a Parroquia de San Pablo (St Paul\u2019s), en West Street Brighton, se abri\u00f3 por primera vez al&nbsp; culto el 18 de octubre de 1848 y se consagr\u00f3 un a\u00f1o despu\u00e9s. La mand\u00f3 construir el Reverendo Henry Michell Wagner, p\u00e1rroco de San Pedro (St Peter\u2019s), Brighton, siendo su hijo el primer p\u00e1rroco de San Pablo hasta su muerte acaecida en 1902.<\/p>\n<\/div>\n\n\n\n<div class=\"wp-block-column is-vertically-aligned-center is-layout-flow wp-block-column-is-layout-flow\" style=\"flex-basis:25%\">\n<div class=\"wp-block-image\"><figure class=\"aligncenter size-large is-resized\"><img loading=\"lazy\" decoding=\"async\" src=\"http:\/\/www.saintpaulschurch.org.uk\/wp-content\/uploads\/2020\/12\/W05-Flag-Spain.gif\" alt=\"Spanish flag\" class=\"wp-image-252\" width=\"106\" height=\"73\"\/><figcaption>Bienvenidos<\/figcaption><\/figure><\/div>\n<\/div>\n<\/div>\n\n\n\n<p>El arquitecto Richard Cromwell Carpenter, 1812-1855, eligi\u00f3 el estilo Decorado de arquitectura g\u00f3tica, convirti\u00e9ndola as\u00ed en uno de los primeros edificios decorados con estilo g\u00f3tico del siglo XIX.&nbsp; Le ayud\u00f3 en su tarea Augustus Welby Pugin, uno de los mejores artistas restauradores del g\u00f3tico.&nbsp; Su mejor y mayor contribuci\u00f3n se centr\u00f3 en las vidrieras que iluminan la nave principal de la iglesia.&nbsp; Las vidrieras del este y del oeste son especialmente hermosas y han sido restauradas recientemente, delvolvi\u00e9ndolas su esplendor original.<\/p>\n\n\n\n<p>La principal caracter\u00edstica exterior es su torre maciza, corronada con un prisma octagonal de madera. Durante 1996 un nuevo programa de restauraci\u00f3n m\u00e1s ambicioso lo restaur\u00f3, gracias a la ayuda de English Heritage (la Herencia Inglesa).&nbsp; El curso de los a\u00f1os, el vieto y el salitre hab\u00edan dajado su huella, pero esta actuac\u00edon devolv\u00edo la madera a su primitivo estado, manteniendo su decoraci\u00f3n caracter\u00edstica.&nbsp; Tanto la torre, como su prisma octagonal, fueron elementos a\u00f1adidos con posterioridad al elemento original en el a\u00f1o 1873, siendo dise\u00f1ados por el hijo del architecto, R.H. Carpenter.<\/p>\n\n\n\n<p>Desde hace 150 a\u00f1os la iglesia de San Pablo viene cumpliendo su misi\u00f3n como casa de Dios, con culto al p\u00fablico, no solo los domingos sino todos los d\u00edas del a\u00f1o. Hay misa toidos los d\u00edas laborales a las 11.30 horas, y los domingos a las 11.00 y a las 18.30.&nbsp; Los visitantes venidos de muchas otras partes del mundo suelen mezclarse con los fieles habituales y es una alegria recibirles.<\/p>\n\n\n\n<p>Adem\u00e1s, intentamos mantener la iglesia abierta todos los d\u00edas laborales de las 10.30 horas hasta el mediod\u00eda para dar a los visitantes la oportunidad de contemplar la belleza de la interior.&nbsp; En una \u00e9poca de tanta fealdad y des\u00f3rden, es una alegria encontrar esta paz y hermosura que hablan de valores duraderos.<\/p>\n\n\n\n<p>Durante 1998-1999 hemos celebrado el 150 aniversario de las iglesia de San Pablo, ofici\u00e1ndose misas solemnes, as\u00ed como otros acontecimientos especiales.<\/p>\n\n\n\n<p>En este nuevo siglo rogamos para que nuestra iglesia siga cumpliendo su misi\u00f3n tan fielmente como en el pasado.&nbsp; Nosotros, los sacerdotes y fieles de San Pablo, os damos la bienvenida en el nombre del Se\u00f1or.<\/p>\n\n\n\n<p class=\"has-text-align-center has-vivid-cyan-blue-color has-text-color\"> <a href=\"http:\/\/www.saintpaulschurch.org.uk\/?page_id=244\">\u25c4 return to Visitors<\/a> <br><a href=\"#TOP\">\u25c4 return to top<\/a><\/p>\n\n\n\n<hr class=\"wp-block-separator has-text-color has-background has-vivid-cyan-blue-background-color has-vivid-cyan-blue-color is-style-wide\"\/>\n\n\n\n<hr class=\"wp-block-separator has-text-color has-background has-vivid-cyan-blue-background-color has-vivid-cyan-blue-color is-style-wide\"\/>\n","protected":false},"excerpt":{"rendered":"<p>Bienvenidos a la Parroquia de San Pablo, Brighton La Parroquia de San Pablo (St Paul\u2019s), en West Street Brighton, se abri\u00f3 por primera vez al&nbsp; culto el 18 de octubre de 1848 y se consagr\u00f3 un a\u00f1o despu\u00e9s. La mand\u00f3 construir el Reverendo Henry Michell Wagner, p\u00e1rroco de San Pedro (St Peter\u2019s), Brighton, siendo su [&hellip;]<\/p>\n","protected":false},"author":1,"featured_media":0,"parent":244,"menu_order":0,"comment_status":"closed","ping_status":"closed","template":"","meta":{"site-sidebar-layout":"default","site-content-layout":"default","ast-site-content-layout":"","site-content-style":"default","site-sidebar-style":"default","ast-global-header-display":"","ast-banner-title-visibility":"","ast-main-header-display":"","ast-hfb-above-header-display":"","ast-hfb-below-header-display":"","ast-hfb-mobile-header-display":"","site-post-title":"disabled","ast-breadcrumbs-content":"","ast-featured-img":"","footer-sml-layout":"","theme-transparent-header-meta":"default","adv-header-id-meta":"","stick-header-meta":"","header-above-stick-meta":"","header-main-stick-meta":"","header-below-stick-meta":"","astra-migrate-meta-layouts":"default","ast-page-background-enabled":"default","ast-page-background-meta":{"desktop":{"background-color":"","background-image":"","background-repeat":"repeat","background-position":"center center","background-size":"auto","background-attachment":"scroll","background-type":"","background-media":"","overlay-type":"","overlay-color":"","overlay-opacity":"","overlay-gradient":""},"tablet":{"background-color":"","background-image":"","background-repeat":"repeat","background-position":"center center","background-size":"auto","background-attachment":"scroll","background-type":"","background-media":"","overlay-type":"","overlay-color":"","overlay-opacity":"","overlay-gradient":""},"mobile":{"background-color":"","background-image":"","background-repeat":"repeat","background-position":"center center","background-size":"auto","background-attachment":"scroll","background-type":"","background-media":"","overlay-type":"","overlay-color":"","overlay-opacity":"","overlay-gradient":""}},"ast-content-background-meta":{"desktop":{"background-color":"var(--ast-global-color-5)","background-image":"","background-repeat":"repeat","background-position":"center center","background-size":"auto","background-attachment":"scroll","background-type":"","background-media":"","overlay-type":"","overlay-color":"","overlay-opacity":"","overlay-gradient":""},"tablet":{"background-color":"var(--ast-global-color-5)","background-image":"","background-repeat":"repeat","background-position":"center center","background-size":"auto","background-attachment":"scroll","background-type":"","background-media":"","overlay-type":"","overlay-color":"","overlay-opacity":"","overlay-gradient":""},"mobile":{"background-color":"var(--ast-global-color-5)","background-image":"","background-repeat":"repeat","background-position":"center center","background-size":"auto","background-attachment":"scroll","background-type":"","background-media":"","overlay-type":"","overlay-color":"","overlay-opacity":"","overlay-gradient":""}},"footnotes":""},"class_list":["post-602","page","type-page","status-publish","hentry"],"_links":{"self":[{"href":"https:\/\/www.saintpaulschurch.org.uk\/index.php?rest_route=\/wp\/v2\/pages\/602","targetHints":{"allow":["GET"]}}],"collection":[{"href":"https:\/\/www.saintpaulschurch.org.uk\/index.php?rest_route=\/wp\/v2\/pages"}],"about":[{"href":"https:\/\/www.saintpaulschurch.org.uk\/index.php?rest_route=\/wp\/v2\/types\/page"}],"author":[{"embeddable":true,"href":"https:\/\/www.saintpaulschurch.org.uk\/index.php?rest_route=\/wp\/v2\/users\/1"}],"replies":[{"embeddable":true,"href":"https:\/\/www.saintpaulschurch.org.uk\/index.php?rest_route=%2Fwp%2Fv2%2Fcomments&post=602"}],"version-history":[{"count":7,"href":"https:\/\/www.saintpaulschurch.org.uk\/index.php?rest_route=\/wp\/v2\/pages\/602\/revisions"}],"predecessor-version":[{"id":1142,"href":"https:\/\/www.saintpaulschurch.org.uk\/index.php?rest_route=\/wp\/v2\/pages\/602\/revisions\/1142"}],"up":[{"embeddable":true,"href":"https:\/\/www.saintpaulschurch.org.uk\/index.php?rest_route=\/wp\/v2\/pages\/244"}],"wp:attachment":[{"href":"https:\/\/www.saintpaulschurch.org.uk\/index.php?rest_route=%2Fwp%2Fv2%2Fmedia&parent=602"}],"curies":[{"name":"wp","href":"https:\/\/api.w.org\/{rel}","templated":true}]}}